{"id":82,"date":"2015-02-16T15:28:28","date_gmt":"2015-02-16T18:28:28","guid":{"rendered":"http:\/\/www.polisrecreio.com.br\/site\/?page_id=82"},"modified":"2017-02-23T09:57:28","modified_gmt":"2017-02-23T12:57:28","slug":"contatos","status":"publish","type":"page","link":"https:\/\/www.polisrecreio.com.br\/site\/contatos\/","title":{"rendered":"Contatos"},"content":{"rendered":"<p>Site P\u00f3lis www.polisrecreio.com.br<\/p>\n<p>Telefone: (32) 99957-2043<\/p>\n<p>WatsApp: (32) 99957-2043<\/p>\n<p>Endere\u00e7o: Rua Estef\u00e2neo &#8211; 78\/102 &#8211; Bloco A &#8211; Centro &#8211; Recreio\/MG<\/p>\n<p>E-mail: polisrecreio@yahoo.com.br<\/p>\n<p>&nbsp;<\/p>\n","protected":false},"excerpt":{"rendered":"<p>Site P\u00f3lis www.polisrecreio.com.br Telefone: (32) 99957-2043 WatsApp: (32) 99957-2043 Endere\u00e7o: Rua Estef\u00e2neo &#8211; 78\/102 &#8211; Bloco A &#8211; Centro &#8211; Recreio\/MG E-mail: polisrecreio@yahoo.com.br &nbsp;<\/p>\n","protected":false},"author":3,"featured_media":0,"parent":0,"menu_order":0,"comment_status":"closed","ping_status":"closed","template":"","meta":[],"yoast_head":"<!-- This site is optimized with the Yoast SEO plugin v15.6.2 - https:\/\/yoast.com\/wordpress\/plugins\/seo\/ -->\n<meta name=\"robots\" content=\"index, follow, max-snippet:-1, max-image-preview:large, max-video-preview:-1\" \/>\n<link rel=\"canonical\" href=\"http:\/\/www.polisrecreio.com.br\/site\/contatos\/\" \/>\n<meta property=\"og:locale\" content=\"pt_BR\" \/>\n<meta property=\"og:type\" content=\"article\" \/>\n<meta property=\"og:title\" content=\"Contatos - P\u00f3lis Recreio\" \/>\n<meta property=\"og:description\" content=\"Site P\u00f3lis www.polisrecreio.com.br Telefone: (32) 99957-2043 WatsApp: (32) 99957-2043 Endere\u00e7o: Rua Estef\u00e2neo &#8211; 78\/102 &#8211; Bloco A &#8211; Centro &#8211; Recreio\/MG E-mail: polisrecreio@yahoo.com.br &nbsp;\" \/>\n<meta property=\"og:url\" content=\"http:\/\/www.polisrecreio.com.br\/site\/contatos\/\" \/>\n<meta property=\"og:site_name\" content=\"P\u00f3lis Recreio\" \/>\n<meta property=\"article:publisher\" content=\"https:\/\/www.facebook.com\/Site-P%c3%b3lis-Recreio-MG-181941708571019\/\" \/>\n<meta property=\"article:modified_time\" content=\"2017-02-23T12:57:28+00:00\" \/>\n<meta name=\"twitter:card\" content=\"summary_large_image\" \/>\n<meta name=\"twitter:site\" content=\"@PolisRecreio\" \/>\n<script type=\"application\/ld+json\" class=\"yoast-schema-graph\">{\"@context\":\"https:\/\/schema.org\",\"@graph\":[{\"@type\":\"WebSite\",\"@id\":\"https:\/\/www.polisrecreio.com.br\/site\/#website\",\"url\":\"https:\/\/www.polisrecreio.com.br\/site\/\",\"name\":\"P\\u00f3lis Recreio\",\"description\":\"\",\"potentialAction\":[{\"@type\":\"SearchAction\",\"target\":\"https:\/\/www.polisrecreio.com.br\/site\/?s={search_term_string}\",\"query-input\":\"required name=search_term_string\"}],\"inLanguage\":\"pt-BR\"},{\"@type\":\"WebPage\",\"@id\":\"http:\/\/www.polisrecreio.com.br\/site\/contatos\/#webpage\",\"url\":\"http:\/\/www.polisrecreio.com.br\/site\/contatos\/\",\"name\":\"Contatos - P\\u00f3lis Recreio\",\"isPartOf\":{\"@id\":\"https:\/\/www.polisrecreio.com.br\/site\/#website\"},\"datePublished\":\"2015-02-16T18:28:28+00:00\",\"dateModified\":\"2017-02-23T12:57:28+00:00\",\"inLanguage\":\"pt-BR\",\"potentialAction\":[{\"@type\":\"ReadAction\",\"target\":[\"http:\/\/www.polisrecreio.com.br\/site\/contatos\/\"]}]}]}<\/script>\n<!-- \/ Yoast SEO plugin. -->","_links":{"self":[{"href":"https:\/\/www.polisrecreio.com.br\/site\/wp-json\/wp\/v2\/pages\/82"}],"collection":[{"href":"https:\/\/www.polisrecreio.com.br\/site\/wp-json\/wp\/v2\/pages"}],"about":[{"href":"https:\/\/www.polisrecreio.com.br\/site\/wp-json\/wp\/v2\/types\/page"}],"author":[{"embeddable":true,"href":"https:\/\/www.polisrecreio.com.br\/site\/wp-json\/wp\/v2\/users\/3"}],"replies":[{"embeddable":true,"href":"https:\/\/www.polisrecreio.com.br\/site\/wp-json\/wp\/v2\/comments?post=82"}],"version-history":[{"count":8,"href":"https:\/\/www.polisrecreio.com.br\/site\/wp-json\/wp\/v2\/pages\/82\/revisions"}],"predecessor-version":[{"id":4573,"href":"https:\/\/www.polisrecreio.com.br\/site\/wp-json\/wp\/v2\/pages\/82\/revisions\/4573"}],"wp:attachment":[{"href":"https:\/\/www.polisrecreio.com.br\/site\/wp-json\/wp\/v2\/media?parent=82"}],"curies":[{"name":"wp","href":"https:\/\/api.w.org\/{rel}","templated":true}]}}